{"id":3072,"date":"2023-07-20T13:12:35","date_gmt":"2023-07-20T13:12:35","guid":{"rendered":"https:\/\/leoparmultimodal.com\/?page_id=3072"},"modified":"2025-09-12T17:31:50","modified_gmt":"2025-09-12T17:31:50","slug":"belgelerimiz","status":"publish","type":"page","link":"https:\/\/leoparmultimodal.com\/index.php\/belgelerimiz\/","title":{"rendered":"Belgelerimiz"},"content":{"rendered":"\t\t<div data-elementor-type=\"wp-page\" data-elementor-id=\"3072\" class=\"elementor elementor-3072\">\n\t\t\t\t\t\t<div class=\"elementor-inner\">\n\t\t\t\t<div class=\"elementor-section-wrap\">\n\t\t\t\t\t\t\t\t\t<section class=\"elementor-section elementor-top-section elementor-element elementor-element-5a0bee4 elementor-section-boxed elementor-section-height-default elementor-section-height-default\" data-id=\"5a0bee4\" data-element_type=\"section\">\n\t\t\t\t\t\t<div class=\"elementor-container elementor-column-gap-default\">\n\t\t\t\t\t\t\t<div class=\"elementor-row\">\n\t\t\t\t\t<div class=\"elementor-column elementor-col-100 elementor-top-column elementor-element elementor-element-03fdbae\" data-id=\"03fdbae\" data-element_type=\"column\">\n\t\t\t<div class=\"elementor-column-wrap elementor-element-populated\">\n\t\t\t\t\t\t\t<div class=\"elementor-widget-wrap\">\n\t\t\t\t\t\t<div class=\"elementor-element elementor-element-2b0f5c0 elementor-widget elementor-widget-image-gallery\" data-id=\"2b0f5c0\" data-element_type=\"widget\" data-widget_type=\"image-gallery.default\">\n\t\t\t\t<div class=\"elementor-widget-container\">\n\t\t\t<style>\/*! elementor - v3.14.0 - 26-06-2023 *\/\n.elementor-image-gallery .gallery-item{display:inline-block;text-align:center;vertical-align:top;width:100%;max-width:100%;margin:0 auto}.elementor-image-gallery .gallery-item img{margin:0 auto}.elementor-image-gallery .gallery-item .gallery-caption{margin:0}.elementor-image-gallery figure img{display:block}.elementor-image-gallery figure figcaption{width:100%}.gallery-spacing-custom .elementor-image-gallery .gallery-icon{padding:0}@media (min-width:768px){.elementor-image-gallery .gallery-columns-2 .gallery-item{max-width:50%}.elementor-image-gallery .gallery-columns-3 .gallery-item{max-width:33.33%}.elementor-image-gallery .gallery-columns-4 .gallery-item{max-width:25%}.elementor-image-gallery .gallery-columns-5 .gallery-item{max-width:20%}.elementor-image-gallery .gallery-columns-6 .gallery-item{max-width:16.666%}.elementor-image-gallery .gallery-columns-7 .gallery-item{max-width:14.28%}.elementor-image-gallery .gallery-columns-8 .gallery-item{max-width:12.5%}.elementor-image-gallery .gallery-columns-9 .gallery-item{max-width:11.11%}.elementor-image-gallery .gallery-columns-10 .gallery-item{max-width:10%}}@media (min-width:480px) and (max-width:767px){.elementor-image-gallery .gallery.gallery-columns-2 .gallery-item,.elementor-image-gallery .gallery.gallery-columns-3 .gallery-item,.elementor-image-gallery .gallery.gallery-columns-4 .gallery-item,.elementor-image-gallery .gallery.gallery-columns-5 .gallery-item,.elementor-image-gallery .gallery.gallery-columns-6 .gallery-item,.elementor-image-gallery .gallery.gallery-columns-7 .gallery-item,.elementor-image-gallery .gallery.gallery-columns-8 .gallery-item,.elementor-image-gallery .gallery.gallery-columns-9 .gallery-item,.elementor-image-gallery .gallery.gallery-columns-10 .gallery-item{max-width:50%}}@media (max-width:479px){.elementor-image-gallery .gallery.gallery-columns-2 .gallery-item,.elementor-image-gallery .gallery.gallery-columns-3 .gallery-item,.elementor-image-gallery .gallery.gallery-columns-4 .gallery-item,.elementor-image-gallery .gallery.gallery-columns-5 .gallery-item,.elementor-image-gallery .gallery.gallery-columns-6 .gallery-item,.elementor-image-gallery .gallery.gallery-columns-7 .gallery-item,.elementor-image-gallery .gallery.gallery-columns-8 .gallery-item,.elementor-image-gallery .gallery.gallery-columns-9 .gallery-item,.elementor-image-gallery .gallery.gallery-columns-10 .gallery-item{max-width:100%}}<\/style>\t\t<div class=\"elementor-image-gallery\">\n\t\t\t<div id='gallery-1' class='gallery galleryid-3072 gallery-columns-2 gallery-size-full'><figure class='gallery-item'>\n\t\t\t<div class='gallery-icon landscape'>\n\t\t\t\t<img loading=\"lazy\" decoding=\"async\" width=\"1395\" height=\"989\" src=\"https:\/\/leoparmultimodal.com\/wp-content\/uploads\/2024\/02\/leopar-yetki-belgesi-2023.jpg\" class=\"attachment-full size-full\" alt=\"\" aria-describedby=\"gallery-1-4099\" srcset=\"https:\/\/leoparmultimodal.com\/wp-content\/uploads\/2024\/02\/leopar-yetki-belgesi-2023.jpg 1395w, https:\/\/leoparmultimodal.com\/wp-content\/uploads\/2024\/02\/leopar-yetki-belgesi-2023-300x213.jpg 300w, https:\/\/leoparmultimodal.com\/wp-content\/uploads\/2024\/02\/leopar-yetki-belgesi-2023-1024x726.jpg 1024w, https:\/\/leoparmultimodal.com\/wp-content\/uploads\/2024\/02\/leopar-yetki-belgesi-2023-768x544.jpg 768w\" sizes=\"auto, (max-width: 1395px) 100vw, 1395px\" \/>\n\t\t\t<\/div>\n\t\t\t\t<figcaption class='wp-caption-text gallery-caption' id='gallery-1-4099'>\n\t\t\t\tL2 YETK\u0130 BELGES\u0130\n\t\t\t\t<\/figcaption><\/figure><figure class='gallery-item'>\n\t\t\t<div class='gallery-icon landscape'>\n\t\t\t\t<img loading=\"lazy\" decoding=\"async\" width=\"1395\" height=\"989\" src=\"https:\/\/leoparmultimodal.com\/wp-content\/uploads\/2024\/02\/leopar-tio-belgesi-2023.jpg\" class=\"attachment-full size-full\" alt=\"\" aria-describedby=\"gallery-1-4100\" srcset=\"https:\/\/leoparmultimodal.com\/wp-content\/uploads\/2024\/02\/leopar-tio-belgesi-2023.jpg 1395w, https:\/\/leoparmultimodal.com\/wp-content\/uploads\/2024\/02\/leopar-tio-belgesi-2023-300x213.jpg 300w, https:\/\/leoparmultimodal.com\/wp-content\/uploads\/2024\/02\/leopar-tio-belgesi-2023-1024x726.jpg 1024w, https:\/\/leoparmultimodal.com\/wp-content\/uploads\/2024\/02\/leopar-tio-belgesi-2023-768x544.jpg 768w\" sizes=\"auto, (max-width: 1395px) 100vw, 1395px\" \/>\n\t\t\t<\/div>\n\t\t\t\t<figcaption class='wp-caption-text gallery-caption' id='gallery-1-4100'>\n\t\t\t\tT\u0130O YETK\u0130 BELGES\u0130\n\t\t\t\t<\/figcaption><\/figure><figure class='gallery-item'>\n\t\t\t<div class='gallery-icon landscape'>\n\t\t\t\t<img loading=\"lazy\" decoding=\"async\" width=\"1395\" height=\"989\" src=\"https:\/\/leoparmultimodal.com\/wp-content\/uploads\/2024\/05\/vergi-levhasi.jpg\" class=\"attachment-full size-full\" alt=\"Vergi Levhas\u0131\" aria-describedby=\"gallery-1-4296\" srcset=\"https:\/\/leoparmultimodal.com\/wp-content\/uploads\/2024\/05\/vergi-levhasi.jpg 1395w, https:\/\/leoparmultimodal.com\/wp-content\/uploads\/2024\/05\/vergi-levhasi-300x213.jpg 300w, https:\/\/leoparmultimodal.com\/wp-content\/uploads\/2024\/05\/vergi-levhasi-1024x726.jpg 1024w, https:\/\/leoparmultimodal.com\/wp-content\/uploads\/2024\/05\/vergi-levhasi-768x544.jpg 768w\" sizes=\"auto, (max-width: 1395px) 100vw, 1395px\" \/>\n\t\t\t<\/div>\n\t\t\t\t<figcaption class='wp-caption-text gallery-caption' id='gallery-1-4296'>\n\t\t\t\tVERG\u0130 LEVHASI\n\t\t\t\t<\/figcaption><\/figure><figure class='gallery-item'>\n\t\t\t<div class='gallery-icon landscape'>\n\t\t\t\t<img loading=\"lazy\" decoding=\"async\" width=\"1395\" height=\"989\" src=\"https:\/\/leoparmultimodal.com\/wp-content\/uploads\/2024\/05\/hizmet-ihracatcilari-birligi-uyelik-belgesi2.jpg\" class=\"attachment-full size-full\" alt=\"H\u0130ZMET \u0130HRACAT\u00c7ILARI B\u0130RL\u0130\u011e\u0130 \u00dcYEL\u0130K\u00a0BELGES\u0130\" aria-describedby=\"gallery-1-4297\" srcset=\"https:\/\/leoparmultimodal.com\/wp-content\/uploads\/2024\/05\/hizmet-ihracatcilari-birligi-uyelik-belgesi2.jpg 1395w, https:\/\/leoparmultimodal.com\/wp-content\/uploads\/2024\/05\/hizmet-ihracatcilari-birligi-uyelik-belgesi2-300x213.jpg 300w, https:\/\/leoparmultimodal.com\/wp-content\/uploads\/2024\/05\/hizmet-ihracatcilari-birligi-uyelik-belgesi2-1024x726.jpg 1024w, https:\/\/leoparmultimodal.com\/wp-content\/uploads\/2024\/05\/hizmet-ihracatcilari-birligi-uyelik-belgesi2-768x544.jpg 768w\" sizes=\"auto, (max-width: 1395px) 100vw, 1395px\" \/>\n\t\t\t<\/div>\n\t\t\t\t<figcaption class='wp-caption-text gallery-caption' id='gallery-1-4297'>\n\t\t\t\tH\u0130ZMET \u0130HRACAT\u00c7ILARI B\u0130RL\u0130\u011e\u0130 \u00dcYEL\u0130K\u00a0BELGES\u0130\n\t\t\t\t<\/figcaption><\/figure><figure class='gallery-item'>\n\t\t\t<div class='gallery-icon portrait'>\n\t\t\t\t<img loading=\"lazy\" decoding=\"async\" width=\"1241\" height=\"1754\" src=\"https:\/\/leoparmultimodal.com\/wp-content\/uploads\/2023\/11\/20231117Leopar1329332-kopyasi_page-0001.jpg\" class=\"attachment-full size-full\" alt=\"\" aria-describedby=\"gallery-1-3881\" srcset=\"https:\/\/leoparmultimodal.com\/wp-content\/uploads\/2023\/11\/20231117Leopar1329332-kopyasi_page-0001.jpg 1241w, https:\/\/leoparmultimodal.com\/wp-content\/uploads\/2023\/11\/20231117Leopar1329332-kopyasi_page-0001-212x300.jpg 212w, https:\/\/leoparmultimodal.com\/wp-content\/uploads\/2023\/11\/20231117Leopar1329332-kopyasi_page-0001-725x1024.jpg 725w, https:\/\/leoparmultimodal.com\/wp-content\/uploads\/2023\/11\/20231117Leopar1329332-kopyasi_page-0001-768x1085.jpg 768w, https:\/\/leoparmultimodal.com\/wp-content\/uploads\/2023\/11\/20231117Leopar1329332-kopyasi_page-0001-1087x1536.jpg 1087w\" sizes=\"auto, (max-width: 1241px) 100vw, 1241px\" \/>\n\t\t\t<\/div>\n\t\t\t\t<figcaption class='wp-caption-text gallery-caption' id='gallery-1-3881'>\n\t\t\t\tULUSLARARASI NAKL\u0130YEC\u0130LER DERNE\u011e\u0130 \u00dcYEL\u0130K BELGES\u0130\n\t\t\t\t<\/figcaption><\/figure><figure class='gallery-item'>\n\t\t\t<div class='gallery-icon portrait'>\n\t\t\t\t<img loading=\"lazy\" decoding=\"async\" width=\"988\" height=\"1400\" src=\"https:\/\/leoparmultimodal.com\/wp-content\/uploads\/2024\/02\/TURK-PATENT-MARKA-TESCIL-BELGESI.jpg\" class=\"attachment-full size-full\" alt=\"\" aria-describedby=\"gallery-1-4101\" srcset=\"https:\/\/leoparmultimodal.com\/wp-content\/uploads\/2024\/02\/TURK-PATENT-MARKA-TESCIL-BELGESI.jpg 988w, https:\/\/leoparmultimodal.com\/wp-content\/uploads\/2024\/02\/TURK-PATENT-MARKA-TESCIL-BELGESI-212x300.jpg 212w, https:\/\/leoparmultimodal.com\/wp-content\/uploads\/2024\/02\/TURK-PATENT-MARKA-TESCIL-BELGESI-723x1024.jpg 723w, https:\/\/leoparmultimodal.com\/wp-content\/uploads\/2024\/02\/TURK-PATENT-MARKA-TESCIL-BELGESI-768x1088.jpg 768w\" sizes=\"auto, (max-width: 988px) 100vw, 988px\" \/>\n\t\t\t<\/div>\n\t\t\t\t<figcaption class='wp-caption-text gallery-caption' id='gallery-1-4101'>\n\t\t\t\tT\u00dcRK PATENT MARKA TESC\u0130L BELGES\u0130\n\t\t\t\t<\/figcaption><\/figure><figure class='gallery-item'>\n\t\t\t<div class='gallery-icon portrait'>\n\t\t\t\t<img loading=\"lazy\" decoding=\"async\" width=\"1051\" height=\"1489\" src=\"https:\/\/leoparmultimodal.com\/wp-content\/uploads\/2025\/01\/I-REC-YENILENEBILIR-ENERJI-SERTIFIKASI.jpg\" class=\"attachment-full size-full\" alt=\"\" aria-describedby=\"gallery-1-4373\" srcset=\"https:\/\/leoparmultimodal.com\/wp-content\/uploads\/2025\/01\/I-REC-YENILENEBILIR-ENERJI-SERTIFIKASI.jpg 1051w, https:\/\/leoparmultimodal.com\/wp-content\/uploads\/2025\/01\/I-REC-YENILENEBILIR-ENERJI-SERTIFIKASI-212x300.jpg 212w, https:\/\/leoparmultimodal.com\/wp-content\/uploads\/2025\/01\/I-REC-YENILENEBILIR-ENERJI-SERTIFIKASI-723x1024.jpg 723w, https:\/\/leoparmultimodal.com\/wp-content\/uploads\/2025\/01\/I-REC-YENILENEBILIR-ENERJI-SERTIFIKASI-768x1088.jpg 768w\" sizes=\"auto, (max-width: 1051px) 100vw, 1051px\" \/>\n\t\t\t<\/div>\n\t\t\t\t<figcaption class='wp-caption-text gallery-caption' id='gallery-1-4373'>\n\t\t\t\tI-REC YEN\u0130LENEB\u0130L\u0130R ENERJ\u0130 SERT\u0130F\u0130KASI\n\t\t\t\t<\/figcaption><\/figure><figure class='gallery-item'>\n\t\t\t<div class='gallery-icon portrait'>\n\t\t\t\t<img loading=\"lazy\" decoding=\"async\" width=\"1414\" height=\"2000\" src=\"https:\/\/leoparmultimodal.com\/wp-content\/uploads\/2025\/09\/LEOPAR-MULTIMODAL-9.pdf.jpg\" class=\"attachment-full size-full\" alt=\"\" aria-describedby=\"gallery-1-4411\" srcset=\"https:\/\/leoparmultimodal.com\/wp-content\/uploads\/2025\/09\/LEOPAR-MULTIMODAL-9.pdf.jpg 1414w, https:\/\/leoparmultimodal.com\/wp-content\/uploads\/2025\/09\/LEOPAR-MULTIMODAL-9.pdf-212x300.jpg 212w, https:\/\/leoparmultimodal.com\/wp-content\/uploads\/2025\/09\/LEOPAR-MULTIMODAL-9.pdf-724x1024.jpg 724w, https:\/\/leoparmultimodal.com\/wp-content\/uploads\/2025\/09\/LEOPAR-MULTIMODAL-9.pdf-768x1086.jpg 768w, https:\/\/leoparmultimodal.com\/wp-content\/uploads\/2025\/09\/LEOPAR-MULTIMODAL-9.pdf-1086x1536.jpg 1086w, https:\/\/leoparmultimodal.com\/wp-content\/uploads\/2025\/09\/LEOPAR-MULTIMODAL-9.pdf-200x283.jpg 200w\" sizes=\"auto, (max-width: 1414px) 100vw, 1414px\" \/>\n\t\t\t<\/div>\n\t\t\t\t<figcaption class='wp-caption-text gallery-caption' id='gallery-1-4411'>\n\t\t\t\tISO 9001:2015 KAL\u0130TE Y\u00d6NET\u0130M S\u0130STEM\u0130 BELGES\u0130\n\t\t\t\t<\/figcaption><\/figure><figure class='gallery-item'>\n\t\t\t<div class='gallery-icon portrait'>\n\t\t\t\t<img loading=\"lazy\" decoding=\"async\" width=\"1414\" height=\"2000\" src=\"https:\/\/leoparmultimodal.com\/wp-content\/uploads\/2025\/09\/LEOPAR-MULTIMODAL-10.pdf.jpg\" class=\"attachment-full size-full\" alt=\"\" aria-describedby=\"gallery-1-4415\" srcset=\"https:\/\/leoparmultimodal.com\/wp-content\/uploads\/2025\/09\/LEOPAR-MULTIMODAL-10.pdf.jpg 1414w, https:\/\/leoparmultimodal.com\/wp-content\/uploads\/2025\/09\/LEOPAR-MULTIMODAL-10.pdf-212x300.jpg 212w, https:\/\/leoparmultimodal.com\/wp-content\/uploads\/2025\/09\/LEOPAR-MULTIMODAL-10.pdf-724x1024.jpg 724w, https:\/\/leoparmultimodal.com\/wp-content\/uploads\/2025\/09\/LEOPAR-MULTIMODAL-10.pdf-768x1086.jpg 768w, https:\/\/leoparmultimodal.com\/wp-content\/uploads\/2025\/09\/LEOPAR-MULTIMODAL-10.pdf-1086x1536.jpg 1086w, https:\/\/leoparmultimodal.com\/wp-content\/uploads\/2025\/09\/LEOPAR-MULTIMODAL-10.pdf-200x283.jpg 200w\" sizes=\"auto, (max-width: 1414px) 100vw, 1414px\" \/>\n\t\t\t<\/div>\n\t\t\t\t<figcaption class='wp-caption-text gallery-caption' id='gallery-1-4415'>\n\t\t\t\tISO 10002:2018 M\u00dc\u015eTER\u0130 MEMNUN\u0130YET\u0130 VE \u015e\u0130KAYET Y\u00d6NET\u0130M S\u0130STEM\u0130 BELGES\u0130\n\t\t\t\t<\/figcaption><\/figure><figure class='gallery-item'>\n\t\t\t<div class='gallery-icon portrait'>\n\t\t\t\t<img loading=\"lazy\" decoding=\"async\" width=\"1414\" height=\"2000\" src=\"https:\/\/leoparmultimodal.com\/wp-content\/uploads\/2025\/09\/LEOPAR-MULTIMODAL-14.pdf.jpg\" class=\"attachment-full size-full\" alt=\"\" aria-describedby=\"gallery-1-4412\" srcset=\"https:\/\/leoparmultimodal.com\/wp-content\/uploads\/2025\/09\/LEOPAR-MULTIMODAL-14.pdf.jpg 1414w, https:\/\/leoparmultimodal.com\/wp-content\/uploads\/2025\/09\/LEOPAR-MULTIMODAL-14.pdf-212x300.jpg 212w, https:\/\/leoparmultimodal.com\/wp-content\/uploads\/2025\/09\/LEOPAR-MULTIMODAL-14.pdf-724x1024.jpg 724w, https:\/\/leoparmultimodal.com\/wp-content\/uploads\/2025\/09\/LEOPAR-MULTIMODAL-14.pdf-768x1086.jpg 768w, https:\/\/leoparmultimodal.com\/wp-content\/uploads\/2025\/09\/LEOPAR-MULTIMODAL-14.pdf-1086x1536.jpg 1086w, https:\/\/leoparmultimodal.com\/wp-content\/uploads\/2025\/09\/LEOPAR-MULTIMODAL-14.pdf-200x283.jpg 200w\" sizes=\"auto, (max-width: 1414px) 100vw, 1414px\" \/>\n\t\t\t<\/div>\n\t\t\t\t<figcaption class='wp-caption-text gallery-caption' id='gallery-1-4412'>\n\t\t\t\tISO 14001:2015 \u00c7EVRE Y\u00d6NET\u0130M S\u0130STEM\u0130 BELGES\u0130\n\t\t\t\t<\/figcaption><\/figure><figure class='gallery-item'>\n\t\t\t<div class='gallery-icon portrait'>\n\t\t\t\t<img loading=\"lazy\" decoding=\"async\" width=\"1414\" height=\"2000\" src=\"https:\/\/leoparmultimodal.com\/wp-content\/uploads\/2025\/09\/LEOPAR-MULTIMODAL-45.pdf.jpg\" class=\"attachment-full size-full\" alt=\"\" aria-describedby=\"gallery-1-4413\" srcset=\"https:\/\/leoparmultimodal.com\/wp-content\/uploads\/2025\/09\/LEOPAR-MULTIMODAL-45.pdf.jpg 1414w, https:\/\/leoparmultimodal.com\/wp-content\/uploads\/2025\/09\/LEOPAR-MULTIMODAL-45.pdf-212x300.jpg 212w, https:\/\/leoparmultimodal.com\/wp-content\/uploads\/2025\/09\/LEOPAR-MULTIMODAL-45.pdf-724x1024.jpg 724w, https:\/\/leoparmultimodal.com\/wp-content\/uploads\/2025\/09\/LEOPAR-MULTIMODAL-45.pdf-768x1086.jpg 768w, https:\/\/leoparmultimodal.com\/wp-content\/uploads\/2025\/09\/LEOPAR-MULTIMODAL-45.pdf-1086x1536.jpg 1086w, https:\/\/leoparmultimodal.com\/wp-content\/uploads\/2025\/09\/LEOPAR-MULTIMODAL-45.pdf-200x283.jpg 200w\" sizes=\"auto, (max-width: 1414px) 100vw, 1414px\" \/>\n\t\t\t<\/div>\n\t\t\t\t<figcaption class='wp-caption-text gallery-caption' id='gallery-1-4413'>\n\t\t\t\tISO 45001:2018 \u0130\u015e SA\u011eLI\u011eI VE G\u00dcVENL\u0130\u011e\u0130 Y\u00d6NET\u0130M S\u0130STEM\u0130 BELGES\u0130\n\t\t\t\t<\/figcaption><\/figure><figure class='gallery-item'>\n\t\t\t<div class='gallery-icon portrait'>\n\t\t\t\t<img loading=\"lazy\" decoding=\"async\" width=\"1414\" height=\"2000\" src=\"https:\/\/leoparmultimodal.com\/wp-content\/uploads\/2025\/09\/LEOPAR-MULTIMODAL-27.pdf-1.jpg\" class=\"attachment-full size-full\" alt=\"\" aria-describedby=\"gallery-1-4416\" srcset=\"https:\/\/leoparmultimodal.com\/wp-content\/uploads\/2025\/09\/LEOPAR-MULTIMODAL-27.pdf-1.jpg 1414w, https:\/\/leoparmultimodal.com\/wp-content\/uploads\/2025\/09\/LEOPAR-MULTIMODAL-27.pdf-1-212x300.jpg 212w, https:\/\/leoparmultimodal.com\/wp-content\/uploads\/2025\/09\/LEOPAR-MULTIMODAL-27.pdf-1-724x1024.jpg 724w, https:\/\/leoparmultimodal.com\/wp-content\/uploads\/2025\/09\/LEOPAR-MULTIMODAL-27.pdf-1-768x1086.jpg 768w, https:\/\/leoparmultimodal.com\/wp-content\/uploads\/2025\/09\/LEOPAR-MULTIMODAL-27.pdf-1-1086x1536.jpg 1086w, https:\/\/leoparmultimodal.com\/wp-content\/uploads\/2025\/09\/LEOPAR-MULTIMODAL-27.pdf-1-200x283.jpg 200w\" sizes=\"auto, (max-width: 1414px) 100vw, 1414px\" \/>\n\t\t\t<\/div>\n\t\t\t\t<figcaption class='wp-caption-text gallery-caption' id='gallery-1-4416'>\n\t\t\t\tISO 27001:2013 B\u0130LG\u0130 G\u00dcVENL\u0130\u011e\u0130 Y\u00d6NET\u0130M S\u0130STEM\u0130 BELGES\u0130\n\t\t\t\t<\/figcaption><\/figure>\n\t\t<\/div>\n\t\t<\/div>\n\t\t\t\t<\/div>\n\t\t\t\t<\/div>\n\t\t\t\t\t\t<\/div>\n\t\t\t\t\t<\/div>\n\t\t<\/div>\n\t\t\t\t\t\t\t\t<\/div>\n\t\t\t\t\t<\/div>\n\t\t<\/section>\n\t\t\t\t\t\t\t\t\t<\/div>\n\t\t\t<\/div>\n\t\t\t\t\t<\/div>\n\t\t","protected":false},"excerpt":{"rendered":"<p>L2 YETK\u0130 BELGES\u0130 T\u0130O YETK\u0130 BELGES\u0130 VERG\u0130 LEVHASI H\u0130ZMET \u0130HRACAT\u00c7ILARI B\u0130RL\u0130\u011e\u0130 \u00dcYEL\u0130K\u00a0BELGES\u0130 ULUSLARARASI NAKL\u0130YEC\u0130LER DERNE\u011e\u0130 \u00dcYEL\u0130K BELGES\u0130 T\u00dcRK PATENT MARKA TESC\u0130L BELGES\u0130 I-REC YEN\u0130LENEB\u0130L\u0130R ENERJ\u0130 SERT\u0130F\u0130KASI ISO 9001:2015 KAL\u0130TE Y\u00d6NET\u0130M S\u0130STEM\u0130 BELGES\u0130 ISO 10002:2018 M\u00dc\u015eTER\u0130 MEMNUN\u0130YET\u0130 VE \u015e\u0130KAYET Y\u00d6NET\u0130M S\u0130STEM\u0130 BELGES\u0130 ISO 14001:2015 \u00c7EVRE Y\u00d6NET\u0130M S\u0130STEM\u0130 BELGES\u0130 ISO 45001:2018 \u0130\u015e SA\u011eLI\u011eI VE G\u00dcVENL\u0130\u011e\u0130 Y\u00d6NET\u0130M S\u0130STEM\u0130 [&hellip;]<\/p>\n","protected":false},"author":1,"featured_media":0,"parent":0,"menu_order":0,"comment_status":"closed","ping_status":"closed","template":"","meta":{"_mi_skip_tracking":false,"_monsterinsights_sitenote_active":false,"_monsterinsights_sitenote_note":"","_monsterinsights_sitenote_category":0,"ngg_post_thumbnail":0,"footnotes":""},"class_list":["post-3072","page","type-page","status-publish","hentry"],"aioseo_notices":[],"acf":[],"_links":{"self":[{"href":"https:\/\/leoparmultimodal.com\/index.php\/wp-json\/wp\/v2\/pages\/3072","targetHints":{"allow":["GET"]}}],"collection":[{"href":"https:\/\/leoparmultimodal.com\/index.php\/wp-json\/wp\/v2\/pages"}],"about":[{"href":"https:\/\/leoparmultimodal.com\/index.php\/wp-json\/wp\/v2\/types\/page"}],"author":[{"embeddable":true,"href":"https:\/\/leoparmultimodal.com\/index.php\/wp-json\/wp\/v2\/users\/1"}],"replies":[{"embeddable":true,"href":"https:\/\/leoparmultimodal.com\/index.php\/wp-json\/wp\/v2\/comments?post=3072"}],"version-history":[{"count":79,"href":"https:\/\/leoparmultimodal.com\/index.php\/wp-json\/wp\/v2\/pages\/3072\/revisions"}],"predecessor-version":[{"id":4419,"href":"https:\/\/leoparmultimodal.com\/index.php\/wp-json\/wp\/v2\/pages\/3072\/revisions\/4419"}],"wp:attachment":[{"href":"https:\/\/leoparmultimodal.com\/index.php\/wp-json\/wp\/v2\/media?parent=3072"}],"curies":[{"name":"wp","href":"https:\/\/api.w.org\/{rel}","templated":true}]}}